{"id":9,"date":"2023-06-24T19:02:17","date_gmt":"2023-06-24T19:02:17","guid":{"rendered":"http:\/\/digitaltech.ma\/?page_id=9"},"modified":"2024-04-02T14:30:12","modified_gmt":"2024-04-02T14:30:12","slug":"politique-de-retour-et-d-annulation","status":"publish","type":"page","link":"https:\/\/digitaltech.ma\/?page_id=9","title":{"rendered":"Politique de Retour et d&#8217;Annulation"},"content":{"rendered":"\r\n<h3><strong>Politique de Retour DigitalTech.ma<\/strong><\/h3>\r\n\r\n\r\n\r\n<p>L&#8217;\u00e9quipe Digitaltech.ma vous remercie pour votre confiance.<\/p>\r\n\r\n\r\n\r\n<p>Cette politique est \u00e9ligible pour tous les produits visibles sur le site web Digitaltech.ma<\/p>\r\n\r\n\r\n\r\n<h2>Vos droit d\u2019annulation d\u2019achat<\/h2>\r\n\r\n\r\n\r\n<p>Sans avoir besoin de mentionner la cause, vous avez le droit d\u2019annuler votre commande dans un d\u00e9lai maximum de 3 jours \u00e0 partir du jour o\u00f9 vous avez command\u00e9 l\u2019article,<strong>\u00a0\u00e0 condition<\/strong>\u00a0que le produit\u00a0ne soit\u00a0<strong>pas encore envoy\u00e9<\/strong> par Email.<\/p>\r\n\r\n\r\n\r\n<p>Vous n\u2019avez pas le droit d\u2019annuler une commande si la livraison \u00e0 domicile \u00e0 votre adresse est d\u00e9j\u00e0 initi\u00e9e.\u00a0<\/p>\r\n\r\n\r\n\r\n<p>Pour initier votre demande d\u2019annulation, contactez nous par :<\/p>\r\n\r\n\r\n\r\n<ul class=\"wp-block-list\">\r\n<li><strong>Email: contact@Digitaltech.ma<\/strong><\/li>\r\n\r\n\r\n\r\n<li><strong>T\u00e9l\u00e9phone : +212 666 502 666<\/strong><\/li>\r\n<\/ul>\r\n\r\n\r\n\r\n<h2><strong>Remboursement<\/strong><\/h2>\r\n\r\n\r\n\r\n<p>Si la proc\u00e9dure de paiement \u00e9tait \u00e0 la livraison, aucun remboursement n\u2019est pr\u00e9vu vu que le produit n\u2019est pas encore pay\u00e9, par contre si votre paiement est proc\u00e9d\u00e9 via notre moyen de paiement par carte, vous serez rembours\u00e9s dans un d\u00e9lai maximum de 14 jours ouvrables.<\/p>\r\n\r\n\r\n\r\n<h2><strong>Conditions de retour<\/strong><\/h2>\r\n\r\n\r\n\r\n<p>Pour que votre produit soit \u00e9ligible au retour, veuillez v\u00e9rifier que :<\/p>\r\n\r\n\r\n\r\n<ul class=\"wp-block-list\">\r\n<li>Le produit est achet\u00e9 dans les 3 derniers jours;<\/li>\r\n\r\n\r\n\r\n<li>Vous n\u2019avez pas utilis\u00e9 le produit et qu\u2019il est sous sa bo\u00eete d\u2019origine.<\/li>\r\n<\/ul>\r\n\r\n\r\n\r\n<h2><strong>Les articles suivants ne sont pas \u00e9ligible pour un retour :<\/strong><\/h2>\r\n\r\n\r\n\r\n<ul class=\"wp-block-list\">\r\n<li>Les articles d\u00e9j\u00e0 utilis\u00e9s.<\/li>\r\n\r\n\r\n\r\n<li>Les articles mal utilis\u00e9s.<\/li>\r\n<li>Les articles num\u00e9riquement livr\u00e9s.<\/li>\r\n<\/ul>\r\n\r\n\r\n\r\n<p>Nous avons le droit total de refuser un retour d\u2019un produit figurant ci-dessous. Vous \u00eates toujours \u00e9ligible \u00e0 un support technique 24\/7 pour r\u00e9soudre vos probl\u00e8mes.<\/p>\r\n\r\n\r\n\r\n<h2 class=\"wp-block-heading\"><strong><strong>Retourner un produit<\/strong><\/strong><\/h2>\r\n\r\n\r\n\r\n<p>Pour retourner votre produit, apr\u00e8s nous avoir contact\u00e9 sur le <strong>+212 666 502 666<\/strong>, ou <strong>contact@Digitaltech.ma<\/strong> et v\u00e9rifier si \u00e9ligible au retour, envoyez le nous sur l\u2019adresse mail suivante : <strong>Contact@Digitaltech.ma<\/strong><\/p>\r\n\r\n\r\n\r\n<h2><strong>Remboursement<\/strong><\/h2>\r\n\r\n\r\n\r\n<p>Si vous avez d\u2019autres questions sur notre politique de retour, contactez nous :<\/p>\r\n\r\n\r\n\r\n<ul class=\"wp-block-list\">\r\n<li><strong>Par mail: contact@Digitaltech.ma<\/strong><\/li>\r\n\r\n\r\n\r\n<li><strong>Par t\u00e9l\u00e9phone : +212 666 502 666<\/strong><\/li>\r\n<\/ul>\r\n<p style=\"text-align: center;\"><em><strong>NOTEZ QUE TOUTES NOS LICENCES ONT UNE GARANTIE \u00c0 VIE \u00c0 PARTIR DU MOMENT DE LEURS UTILISATION (ET CONFORM\u00c9MENT AU TYPE DE LA LICENCE ACQUISE) , PAR CONTRE ON PROPOSE UNE GARANTIE PR\u00c9-UTILISATUION DE 30 JOURS SUR TOUTES NOS LICENCES; SI LA LICENCE N\u2019EST PAS CONSOMM\u00c9E ENTI\u00c8REMENT (LE NORMAL INTEGRAL DES ACTIVATION) DANS LES 30 JOURS QUI SUIVENT LA DATE D\u2019ACHAT, DIGITALSOFTWARE N\u2019EST PAS RESPONSABLE ET N\u2019EFFECTUERA AUCUN CHANGEMENT OU REMBOURSSEMENT.<\/strong><\/em><\/p>\r\n","protected":false},"excerpt":{"rendered":"<p>Politique de Retour DigitalTech.ma L&#8217;\u00e9quipe Digitaltech.ma vous remercie pour votre confiance. Cette politique est \u00e9ligible pour tous les produits visibles<\/p>\n","protected":false},"author":1,"featured_media":0,"parent":0,"menu_order":0,"comment_status":"closed","ping_status":"closed","template":"","meta":{"footnotes":""},"class_list":["post-9","page","type-page","status-publish","hentry"],"jetpack_sharing_enabled":true,"_links":{"self":[{"href":"https:\/\/digitaltech.ma\/index.php?rest_route=\/wp\/v2\/pages\/9","targetHints":{"allow":["GET"]}}],"collection":[{"href":"https:\/\/digitaltech.ma\/index.php?rest_route=\/wp\/v2\/pages"}],"about":[{"href":"https:\/\/digitaltech.ma\/index.php?rest_route=\/wp\/v2\/types\/page"}],"author":[{"embeddable":true,"href":"https:\/\/digitaltech.ma\/index.php?rest_route=\/wp\/v2\/users\/1"}],"replies":[{"embeddable":true,"href":"https:\/\/digitaltech.ma\/index.php?rest_route=%2Fwp%2Fv2%2Fcomments&post=9"}],"version-history":[{"count":0,"href":"https:\/\/digitaltech.ma\/index.php?rest_route=\/wp\/v2\/pages\/9\/revisions"}],"wp:attachment":[{"href":"https:\/\/digitaltech.ma\/index.php?rest_route=%2Fwp%2Fv2%2Fmedia&parent=9"}],"curies":[{"name":"wp","href":"https:\/\/api.w.org\/{rel}","templated":true}]}}