{"id":12824,"date":"2024-04-02T14:04:10","date_gmt":"2024-04-02T14:04:10","guid":{"rendered":"http:\/\/digitaltech.ma\/?page_id=12824"},"modified":"2024-04-13T22:00:11","modified_gmt":"2024-04-13T22:00:11","slug":"differentes-types-de-licences","status":"publish","type":"page","link":"https:\/\/digitaltech.ma\/?page_id=12824","title":{"rendered":"Diff\u00e9rents types de licences"},"content":{"rendered":"<p>Sur <strong>Digitaltech.ma<\/strong> , vous vous retrouverez avec un large choix d&#8217;option sur nos licences.<\/p>\n<p><strong>Ci-suivi l&#8217;explication de chaque type de licence :<\/strong><\/p>\n<ul>\n<li><em><strong>Licence Simple<\/strong><\/em> : Cette licence est g\u00e9n\u00e9ralement pr\u00e9sente sous la suite <strong>Office<\/strong>, <strong>Project<\/strong> ou <strong>Visio. <\/strong>C&#8217;est une licence qui vous permet d&#8217;activer votre logiciel <strong>\u00e0 vie<\/strong>, mais \u00e0 <em><strong>condition<\/strong><\/em> de ni <strong>D\u00e9sintaller le logiciel<\/strong>, <strong>r\u00e9parer le logiciel<\/strong>, <strong>r\u00e9installer le logiciel<\/strong> ou <strong>formater Windows<\/strong>. Si l&#8217;un de ces 4 figures arrive, la licence sera perdue et vous devrez en acheter une autre, ce qui justifie son prix qui n&#8217;est pas cher.<\/li>\n<\/ul>\n<p>&nbsp;<\/p>\n<ul>\n<li><strong>Licence R\u00e9utilisable<\/strong> :\u00a0Cette licence est g\u00e9n\u00e9ralement pr\u00e9sente sous la suite <strong>Office<\/strong>, <strong>Project<\/strong> ou <strong>Visio. <\/strong>C&#8217;est une licence qui vous permet d&#8217;activer votre logiciel <strong>\u00e0 vie avec une garantie de 100% <\/strong>que la licence <strong>ne sera jamais perdue<\/strong> si jamais le logiciel est d\u00e9sinstall\u00e9, r\u00e9par\u00e9 ou r\u00e9install\u00e9 ou m\u00eame si Windows est format\u00e9. <strong>Cette licence s&#8217;attache \u00e0 votre compte Microsoft<\/strong>, ce dernier jouera le r\u00f4le de votre activation dans le future.<\/li>\n<\/ul>\n<p>&nbsp;<\/p>\n<ul>\n<li>\u00a0<strong>Lincence OEM<\/strong> : Cette licence est g\u00e9n\u00e9ralement pr\u00e9sente en licences <strong>Windows,<\/strong> La licence activera 1 poste et peut \u00eatre r\u00e9utilis\u00e9e pour activer le m\u00eame poste apr\u00e8s formatage de Windows.<\/li>\n<\/ul>\n<p>&nbsp;<\/p>\n<ul>\n<li><strong>Licence Multiposte<\/strong> <strong>(2 PC \u00e0 20 PC)<\/strong> : Ces licences sont g\u00e9n\u00e9ralement d&#8217;une forme &#8220;<strong>Simple<\/strong>&#8221; comme <strong>expliqu\u00e9 dessus<\/strong>, consid\u00e9rez les comme des <strong>codes de recharge;<\/strong>\u00a0Si vous acqu\u00e9rez une licence de<strong> 5 Postes<\/strong> par exemple, cette derni\u00e8re vous permettra <strong>d&#8217;activer 5 Postes \u00e0 la fois<\/strong>, d\u00e8s que les 5 activations sont consomm\u00e9es, la licence ne marchera plus dans le future, m\u00eame sur les m\u00eame postes.<\/li>\n<\/ul>\n<p>&nbsp;<\/p>\n<p style=\"text-align: center;\"><strong>Toutes nos licences sont assorties d&#8217;une garantie \u00e0 vie, \u00e0 compter de leur utilisation et selon le type de licence achet\u00e9. Cependant, nous offrons \u00e9galement une garantie pr\u00e9-utilisation de 30 jours pour toutes nos licences. Si la totalit\u00e9 de la licence n&#8217;est pas utilis\u00e9e dans les 30 jours suivant l&#8217;achat (ce qui signifie que toutes les activations n&#8217;ont pas \u00e9t\u00e9 effectu\u00e9es), DigitalSoftware ne pourra \u00eatre tenue responsable et ne fera aucun changement ou remboursement.<\/strong><\/p>\n","protected":false},"excerpt":{"rendered":"<p>Sur Digitaltech.ma , vous vous retrouverez avec un large choix d&#8217;option sur nos licences. Ci-suivi l&#8217;explication de chaque type de<\/p>\n","protected":false},"author":1,"featured_media":0,"parent":0,"menu_order":0,"comment_status":"closed","ping_status":"closed","template":"","meta":{"footnotes":""},"class_list":["post-12824","page","type-page","status-publish","hentry"],"jetpack_sharing_enabled":true,"_links":{"self":[{"href":"https:\/\/digitaltech.ma\/index.php?rest_route=\/wp\/v2\/pages\/12824","targetHints":{"allow":["GET"]}}],"collection":[{"href":"https:\/\/digitaltech.ma\/index.php?rest_route=\/wp\/v2\/pages"}],"about":[{"href":"https:\/\/digitaltech.ma\/index.php?rest_route=\/wp\/v2\/types\/page"}],"author":[{"embeddable":true,"href":"https:\/\/digitaltech.ma\/index.php?rest_route=\/wp\/v2\/users\/1"}],"replies":[{"embeddable":true,"href":"https:\/\/digitaltech.ma\/index.php?rest_route=%2Fwp%2Fv2%2Fcomments&post=12824"}],"version-history":[{"count":0,"href":"https:\/\/digitaltech.ma\/index.php?rest_route=\/wp\/v2\/pages\/12824\/revisions"}],"wp:attachment":[{"href":"https:\/\/digitaltech.ma\/index.php?rest_route=%2Fwp%2Fv2%2Fmedia&parent=12824"}],"curies":[{"name":"wp","href":"https:\/\/api.w.org\/{rel}","templated":true}]}}